{"id":540,"date":"2025-05-07T01:05:48","date_gmt":"2025-05-06T22:05:48","guid":{"rendered":"http:\/\/compsolutions.com.ua\/?page_id=540"},"modified":"2025-06-19T00:01:40","modified_gmt":"2025-06-18T21:01:40","slug":"base-02","status":"publish","type":"page","link":"https:\/\/compsolutions.com.ua\/de\/base-02\/","title":{"rendered":"\u041d\u043e\u0440\u043c\u0430\u0442\u0438\u0432\u043d\u043e-\u043f\u0440\u0430\u0432\u043e\u0432\u0430 \u0431\u0430\u0437\u0430"},"content":{"rendered":"\n<div class=\"wp-block-group alignfull has-global-padding is-layout-constrained wp-container-core-group-is-layout-75346154 wp-block-group-is-layout-constrained has-background\" style=\"margin-top:0;margin-bottom:0;padding-top:0;padding-right:var(--wp--preset--spacing--60);padding-bottom:0;padding-left:var(--wp--preset--spacing--60);background-image:url(&apos;http:\/\/compsolutions.com.ua\/wp-content\/uploads\/2025\/05\/background_ping.jpg&apos;);background-size:cover;\">\n<div style=\"height:40px\" aria-hidden=\"true\" class=\"wp-block-spacer\"><\/div>\n\n\n\n<p style=\"font-size:clamp(16.293px, 1.018rem + ((1vw - 3.2px) * 0.845), 25px);line-height:1.6\"><a href=\"https:\/\/zakon.rada.gov.ua\/laws\/show\/2736-17#Text\">Gesetz der Ukraine \u201e\u00dcber die allgemeine Sicherheit von Nichtlebensmittelprodukten\u201c<\/a><\/p>\n\n\n\n<p style=\"font-size:clamp(16.293px, 1.018rem + ((1vw - 3.2px) * 0.845), 25px);line-height:1.6\"><a href=\"https:\/\/zakon.rada.gov.ua\/laws\/show\/1023-12#Text\">Gesetz der Ukraine \u201e\u00dcber den Verbraucherschutz\u201c<\/a><\/p>\n\n\n\n<p style=\"font-size:clamp(16.293px, 1.018rem + ((1vw - 3.2px) * 0.845), 25px);line-height:1.6\"><a href=\"https:\/\/zakon.rada.gov.ua\/laws\/show\/2704-19#Text\">Gesetz der Ukraine \u201e\u00dcber die Sicherstellung des Funktionierens der ukrainischen Sprache als Staatssprache\u201c<\/a><\/p>\n\n\n\n<p style=\"font-size:clamp(16.293px, 1.018rem + ((1vw - 3.2px) * 0.845), 25px);line-height:1.6\"><a href=\"https:\/\/zakon.rada.gov.ua\/laws\/show\/124-19#Text\">Gesetz der Ukraine \u201e\u00dcber technische Vorschriften und Konformit\u00e4tsbewertung\u201c<\/a><\/p>\n\n\n\n<p style=\"font-size:clamp(16.293px, 1.018rem + ((1vw - 3.2px) * 0.845), 25px);line-height:1.6\"><a href=\"https:\/\/zakon.rada.gov.ua\/laws\/show\/2735-17#Text\">Gesetz der Ukraine \u201e\u00dcber die staatliche Marktaufsicht und Kontrolle von Nichtlebensmittelprodukten\u201c<\/a><\/p>\n\n\n\n<p style=\"font-size:clamp(16.293px, 1.018rem + ((1vw - 3.2px) * 0.845), 25px);line-height:1.6\"><a href=\"https:\/\/zakon.rada.gov.ua\/laws\/show\/2736-17#Text\">Gesetz der Ukraine \u00fcber die allgemeine Sicherheit von Nichtlebensmittelprodukten<\/a><\/p>\n\n\n\n<p style=\"font-size:clamp(16.293px, 1.018rem + ((1vw - 3.2px) * 0.845), 25px);line-height:1.6\"><a href=\"https:\/\/moz.gov.ua\/uk\/decrees\/nakaz-moz-ukraini-vid-18122023--2147-pro-zatverdzhennja-porjadku-notifikacii-nadannja-informacii-pro-kosmetichnu-produkciju\">Verordnung des Gesundheitsministeriums der Ukraine vom 18.12.2023 Nr. 2147 \u201e\u00dcber die Genehmigung des Verfahrens zur Notifizierung (\u00dcbermittlung) von Informationen \u00fcber kosmetische Produkte\u201c<\/a><\/p>\n\n\n\n<p style=\"font-size:clamp(16.293px, 1.018rem + ((1vw - 3.2px) * 0.845), 25px);line-height:1.6\"><a href=\"https:\/\/zakon.rada.gov.ua\/laws\/show\/65-2021-%D0%BF#Text\">Technische Vorschrift f\u00fcr kosmetische Mittel, genehmigt durch die Verordnung des Ministerkabinetts der Ukraine vom 20.01.2021 Nr. 65<\/a><\/p>\n\n\n\n<p style=\"font-size:clamp(16.293px, 1.018rem + ((1vw - 3.2px) * 0.845), 25px);line-height:1.6\"><a href=\"https:\/\/zakon.rada.gov.ua\/laws\/show\/154-2023-%D0%BF#Text\">Technische Vorschrift f\u00fcr Aerosolzerst\u00e4uber, genehmigt durch die Verordnung des Ministerkabinetts der Ukraine vom 21. Februar 2023 Nr. 154<\/a><\/p>\n\n\n\n<p style=\"font-size:clamp(16.293px, 1.018rem + ((1vw - 3.2px) * 0.845), 25px);line-height:1.6\"><a href=\"https:\/\/zakon.rada.gov.ua\/laws\/show\/151-2018-%D0%BF#Text\">Technische Vorschrift \u00fcber die Sicherheit von Spielzeugen, genehmigt durch die Verordnung des Ministerkabinetts der Ukraine vom 28. Februar 2018 Nr. 151<\/a><\/p>\n<\/div>\n\n\n\n<div class=\"wp-block-group alignfull has-global-padding is-layout-constrained wp-container-core-group-is-layout-8dd13e6d wp-block-group-is-layout-constrained\" style=\"padding-right:var(--wp--preset--spacing--60);padding-left:var(--wp--preset--spacing--60)\"><\/div>\n","protected":false},"excerpt":{"rendered":"<p>Gesetz der Ukraine \u201e\u00dcber die allgemeine Sicherheit von Nichtlebensmittelprodukten\u201c Gesetz der Ukraine \u201e\u00dcber den Verbraucherschutz\u201c Gesetz der Ukraine \u201e\u00dcber die Sicherstellung des Funktionierens der ukrainischen Sprache als Staatssprache\u201c Gesetz der Ukraine \u201e\u00dcber technische Vorschriften und Konformit\u00e4tsbewertung\u201c Gesetz der Ukraine \u201e\u00dcber die staatliche Marktaufsicht und Kontrolle von Nichtlebensmittelprodukten\u201c Gesetz der Ukraine \u00fcber die allgemeine Sicherheit von [&hellip;]<\/p>\n","protected":false},"author":1,"featured_media":0,"parent":0,"menu_order":0,"comment_status":"closed","ping_status":"closed","template":"","meta":{"footnotes":""},"class_list":["post-540","page","type-page","status-publish","hentry"],"_links":{"self":[{"href":"https:\/\/compsolutions.com.ua\/de\/wp-json\/wp\/v2\/pages\/540","targetHints":{"allow":["GET"]}}],"collection":[{"href":"https:\/\/compsolutions.com.ua\/de\/wp-json\/wp\/v2\/pages"}],"about":[{"href":"https:\/\/compsolutions.com.ua\/de\/wp-json\/wp\/v2\/types\/page"}],"author":[{"embeddable":true,"href":"https:\/\/compsolutions.com.ua\/de\/wp-json\/wp\/v2\/users\/1"}],"replies":[{"embeddable":true,"href":"https:\/\/compsolutions.com.ua\/de\/wp-json\/wp\/v2\/comments?post=540"}],"version-history":[{"count":10,"href":"https:\/\/compsolutions.com.ua\/de\/wp-json\/wp\/v2\/pages\/540\/revisions"}],"predecessor-version":[{"id":1181,"href":"https:\/\/compsolutions.com.ua\/de\/wp-json\/wp\/v2\/pages\/540\/revisions\/1181"}],"wp:attachment":[{"href":"https:\/\/compsolutions.com.ua\/de\/wp-json\/wp\/v2\/media?parent=540"}],"curies":[{"name":"wp","href":"https:\/\/api.w.org\/{rel}","templated":true}]}}