{"id":537,"date":"2025-05-07T00:58:01","date_gmt":"2025-05-06T21:58:01","guid":{"rendered":"http:\/\/compsolutions.com.ua\/?page_id=537"},"modified":"2025-05-27T00:54:11","modified_gmt":"2025-05-26T21:54:11","slug":"services05-05","status":"publish","type":"page","link":"https:\/\/compsolutions.com.ua\/de\/services05-05\/","title":{"rendered":"\u041c\u0430\u0440\u043a\u0443\u0432\u0430\u043d\u043d\u044f \u043a\u043e\u0441\u043c\u0435\u0442\u0438\u0447\u043d\u043e\u0457 \u043f\u0440\u043e\u0434\u0443\u043a\u0446\u0456\u0457"},"content":{"rendered":"\r\n<div class=\"wp-block-group alignfull has-global-padding is-layout-constrained wp-container-core-group-is-layout-75346154 wp-block-group-is-layout-constrained has-background\" style=\"margin-top: 0; margin-bottom: 0; padding: 0 var(--wp--preset--spacing--60) 0 var(--wp--preset--spacing--60);background-image:url(&apos;http:\/\/compsolutions.com.ua\/wp-content\/uploads\/2025\/05\/background_ping.jpg&apos;);background-size:cover;\">\r\n<div class=\"wp-block-spacer\" style=\"height: 40px;\" aria-hidden=\"true\">\u00a0<\/div>\r\n\r\n\r\n\r\n<p style=\"font-size:clamp(16.293px, 1.018rem + ((1vw - 3.2px) * 0.845), 25px); line-height: 1.6; text-align: justify;\">Gem\u00e4\u00df dem Gesetz der Ukraine \u201e\u00dcber die Gew\u00e4hrleistung des Funktionierens der ukrainischen Sprache als Staatssprache\u201c muss die Kennzeichnung in ukrainischer Sprache erfolgen. Neben dem ukrainischen Text ist es zul\u00e4ssig, Informationen in anderen Sprachen zu duplizieren sowie Abk\u00fcrzungen und Symbole zu verwenden.<\/p>\r\n\r\n\r\n\r\n<p style=\"font-size:clamp(16.293px, 1.018rem + ((1vw - 3.2px) * 0.845), 25px); line-height: 1.6; text-align: justify;\">Die Informationen auf der Verpackung m\u00fcssen deutlich, gut lesbar und dauerhaft sein und k\u00f6nnen in Form eines Aufklebers, Beilegers, Etiketts oder K\u00e4rtchens angebracht werden.<\/p>\r\n\r\n\r\n\r\n<p style=\"font-size:clamp(16.293px, 1.018rem + ((1vw - 3.2px) * 0.845), 25px); line-height: 1.6; text-align: justify;\"><strong>Verpackungslayouts<\/strong> \u2013 grafische Dateien und\/oder Fotos \u2013 unterliegen der obligatorischen Benachrichtigung an die zust\u00e4ndige Beh\u00f6rde. Die Verantwortung f\u00fcr die Einhaltung der gesetzlichen Anforderungen an die Kennzeichnung tr\u00e4gt die <a href=\"https:\/\/compsolutions.com.ua\/de\/services02-02\/\">verantwortliche Person<\/a>.<\/p>\r\n\r\n\r\n\r\n<p style=\"font-size:clamp(16.293px, 1.018rem + ((1vw - 3.2px) * 0.845), 25px); line-height: 1.6; text-align: justify;\">Jeder <strong>Vertreiber<\/strong> (au\u00dfer dem Hersteller und Importeur) ist verpflichtet, das Vorhandensein aller verpflichtenden Informationen auf der Verpackung vor dem Inverkehrbringen zu \u00fcberpr\u00fcfen.<\/p>\r\n\r\n\r\n\r\n<p style=\"font-size:clamp(16.293px, 1.018rem + ((1vw - 3.2px) * 0.845), 25px); line-height: 1.6; text-align: justify;\"><strong>Pflichtangaben<\/strong> laut Technischer Vorschrift:<\/p>\r\n\r\n\r\n\r\n<ul class=\"wp-block-list\" style=\"font-size:clamp(16.293px, 1.018rem + ((1vw - 3.2px) * 0.845), 25px); line-height: 1.6; text-align: justify;\">\r\n<li>Name und Adresse der verantwortlichen Person;<\/li>\r\n\r\n\r\n\r\n<li>Ursprungsland (f\u00fcr importierte Produkte);<\/li>\r\n\r\n\r\n\r\n<li>Nenninhalt (Gewicht, Volumen oder St\u00fcckzahl);<\/li>\r\n\r\n\r\n\r\n<li>Haltbarkeitsdatum oder Zeitraum nach dem \u00d6ffnen;<\/li>\r\n\r\n\r\n\r\n<li>Lagerbedingungen;<\/li>\r\n\r\n\r\n\r\n<li>Warnhinweise und Sicherheitsma\u00dfnahmen;<\/li>\r\n\r\n\r\n\r\n<li>Besondere Hinweise f\u00fcr die professionelle Anwendung;<\/li>\r\n\r\n\r\n\r\n<li>Chargennummer oder sonstige Identifikationsdaten;<\/li>\r\n\r\n\r\n\r\n<li>Zweckbestimmung des Produkts (falls nicht eindeutig);<\/li>\r\n\r\n\r\n\r\n<li>Liste der Inhaltsstoffe gem\u00e4\u00df INCI (Internationale Nomenklatur kosmetischer Inhaltsstoffe).<\/li>\r\n<\/ul>\r\n<\/div>\r\n\r\n\r\n\r\n<div class=\"wp-block-group alignfull has-global-padding is-layout-constrained wp-container-core-group-is-layout-8dd13e6d wp-block-group-is-layout-constrained\" style=\"padding-right: var(--wp--preset--spacing--60); padding-left: var(--wp--preset--spacing--60);\">\r\n<p style=\"font-size:clamp(16.293px, 1.018rem + ((1vw - 3.2px) * 0.845), 25px); line-height: 1.6; text-align: justify;\">Wenn das Produkt Inhaltsstoffe, Farbstoffe, Konservierungsmittel oder UV-Filter enth\u00e4lt, die in den Anh\u00e4ngen 3\u20136 der <a href=\"https:\/\/zakon.rada.gov.ua\/laws\/show\/65-2021-%D0%BF#Text\">Technischen Vorschrift<\/a> aufgef\u00fchrt sind, muss die Kennzeichnung entsprechende Warnhinweise enthalten.<\/p>\r\n\r\n\r\n\r\n<p style=\"font-size:clamp(16.293px, 1.018rem + ((1vw - 3.2px) * 0.845), 25px); line-height: 1.6; text-align: justify;\">Dar\u00fcber hinaus k\u00f6nnen spezifische Kennzeichnungsanforderungen durch andere Gesetze, insbesondere das <a href=\"https:\/\/zakon.rada.gov.ua\/laws\/show\/1023-12#Text\">Gesetz der Ukraine \u201e\u00dcber den Verbraucherschutz\u201c<\/a>, oder durch Regelwerke f\u00fcr bestimmte Produktkategorien (z.\u202fB. Aerosole, Kinderkosmetik) festgelegt werden.<\/p>\r\n\r\n\r\n\r\n<p style=\"font-size:clamp(16.293px, 1.018rem + ((1vw - 3.2px) * 0.845), 25px); line-height: 1.6; text-align: justify;\">Vor dem Inverkehrbringen muss die <a href=\"https:\/\/compsolutions.com.ua\/de\/services02-02\/\">verantwortliche Person<\/a> die grafische <strong>Kennzeichnung (und ggf. das Verpackungsfoto) zur Benachrichtigung einreichen<\/strong>. Die Registrierung erfolgt durch das <strong>Gesundheitsministerium der Ukraine<\/strong>.<\/p>\r\n\r\n\r\n\r\n<p style=\"font-size:clamp(16.293px, 1.018rem + ((1vw - 3.2px) * 0.845), 25px); line-height: 1.6; text-align: justify;\">Ein kosmetisches Produkt darf ausschlie\u00dflich in der Verpackung in den Verkehr gebracht werden, die dem benachrichtigten <a href=\"https:\/\/compsolutions.com.ua\/de\/services05-05\/\">Layout entspricht<\/a>. Jegliche Abweichung kann auf eine m\u00f6gliche F\u00e4lschung oder Qualit\u00e4tsprobleme hinweisen und zu Ma\u00dfnahmen durch Markt\u00fcberwachungsbeh\u00f6rden f\u00fchren.<\/p>\r\n\r\n\r\n\r\n<p style=\"font-size:clamp(16.293px, 1.018rem + ((1vw - 3.2px) * 0.845), 25px); line-height: 1.6; text-align: justify;\">Die <a href=\"https:\/\/zakon.rada.gov.ua\/laws\/show\/65-2021-%D0%BF#Text\">Technische Vorschrift<\/a> erlaubt zudem die Verwendung <strong>grafischer Symbole<\/strong>, um die Wiederholung von Textinformationen in mehreren Sprachen zu reduzieren.<\/p>\r\n\r\n\r\n\r\n<p style=\"font-size:clamp(16.293px, 1.018rem + ((1vw - 3.2px) * 0.845), 25px); line-height: 1.6; text-align: justify;\">Siehe Informationen im Beipackzettel:<\/p>\r\n\r\n\r\n\r\n<figure class=\"wp-block-image\"><img loading=\"lazy\" decoding=\"async\" width=\"300\" height=\"180\" class=\"wp-image-459\" src=\"http:\/\/compsolutions.com.ua\/wp-content\/uploads\/2025\/05\/icon06-300x180.png\" alt=\"\" srcset=\"https:\/\/compsolutions.com.ua\/de\/wp-content\/uploads\/2025\/05\/icon06-300x180.png 300w, https:\/\/compsolutions.com.ua\/de\/wp-content\/uploads\/2025\/05\/icon06.png 401w\" sizes=\"auto, (max-width: 300px) 100vw, 300px\" \/><\/figure>\r\n\r\n\r\n\r\n<p style=\"font-size:clamp(16.293px, 1.018rem + ((1vw - 3.2px) * 0.845), 25px); line-height: 1.6;\">Verwendbar nach dem \u00d6ffnen:<\/p>\r\n\r\n\r\n\r\n<figure class=\"wp-block-image\"><img loading=\"lazy\" decoding=\"async\" width=\"300\" height=\"150\" class=\"wp-image-461\" src=\"http:\/\/compsolutions.com.ua\/wp-content\/uploads\/2025\/05\/icon07-300x150.png\" alt=\"\" srcset=\"https:\/\/compsolutions.com.ua\/de\/wp-content\/uploads\/2025\/05\/icon07-300x150.png 300w, https:\/\/compsolutions.com.ua\/de\/wp-content\/uploads\/2025\/05\/icon07.png 443w\" sizes=\"auto, (max-width: 300px) 100vw, 300px\" \/><\/figure>\r\n\r\n\r\n\r\n<p style=\"font-size:clamp(16.293px, 1.018rem + ((1vw - 3.2px) * 0.845), 25px); line-height: 1.6;\">Mindesthaltbarkeitsdatum:<\/p>\r\n\r\n\r\n\r\n<figure class=\"wp-block-image\"><img loading=\"lazy\" decoding=\"async\" width=\"300\" height=\"150\" class=\"wp-image-462\" src=\"http:\/\/compsolutions.com.ua\/wp-content\/uploads\/2025\/05\/icon08-300x150.png\" alt=\"\" srcset=\"https:\/\/compsolutions.com.ua\/de\/wp-content\/uploads\/2025\/05\/icon08-300x150.png 300w, https:\/\/compsolutions.com.ua\/de\/wp-content\/uploads\/2025\/05\/icon08.png 510w\" sizes=\"auto, (max-width: 300px) 100vw, 300px\" \/><\/figure>\r\n\r\n\r\n\r\n<p style=\"font-size:clamp(16.293px, 1.018rem + ((1vw - 3.2px) * 0.845), 25px); line-height: 1.6;\">Nicht an Tieren getestet:<\/p>\r\n\r\n\r\n\r\n<figure class=\"wp-block-image\"><img loading=\"lazy\" decoding=\"async\" width=\"300\" height=\"150\" class=\"wp-image-463\" src=\"http:\/\/compsolutions.com.ua\/wp-content\/uploads\/2025\/05\/icon09-300x150.png\" alt=\"\" srcset=\"https:\/\/compsolutions.com.ua\/de\/wp-content\/uploads\/2025\/05\/icon09-300x150.png 300w, https:\/\/compsolutions.com.ua\/de\/wp-content\/uploads\/2025\/05\/icon09.png 590w\" sizes=\"auto, (max-width: 300px) 100vw, 300px\" \/><\/figure>\r\n<\/div>\r\n","protected":false},"excerpt":{"rendered":"<p>Gem\u00e4\u00df dem Gesetz der Ukraine \u201e\u00dcber die Gew\u00e4hrleistung des Funktionierens der ukrainischen Sprache als Staatssprache\u201c muss die Kennzeichnung in ukrainischer Sprache erfolgen. Neben dem ukrainischen Text ist es zul\u00e4ssig, Informationen in anderen Sprachen zu duplizieren sowie Abk\u00fcrzungen und Symbole zu verwenden. Die Informationen auf der Verpackung m\u00fcssen deutlich, gut lesbar und dauerhaft sein und k\u00f6nnen [&hellip;]<\/p>\n","protected":false},"author":1,"featured_media":0,"parent":0,"menu_order":0,"comment_status":"closed","ping_status":"closed","template":"","meta":{"footnotes":""},"class_list":["post-537","page","type-page","status-publish","hentry"],"_links":{"self":[{"href":"https:\/\/compsolutions.com.ua\/de\/wp-json\/wp\/v2\/pages\/537","targetHints":{"allow":["GET"]}}],"collection":[{"href":"https:\/\/compsolutions.com.ua\/de\/wp-json\/wp\/v2\/pages"}],"about":[{"href":"https:\/\/compsolutions.com.ua\/de\/wp-json\/wp\/v2\/types\/page"}],"author":[{"embeddable":true,"href":"https:\/\/compsolutions.com.ua\/de\/wp-json\/wp\/v2\/users\/1"}],"replies":[{"embeddable":true,"href":"https:\/\/compsolutions.com.ua\/de\/wp-json\/wp\/v2\/comments?post=537"}],"version-history":[{"count":12,"href":"https:\/\/compsolutions.com.ua\/de\/wp-json\/wp\/v2\/pages\/537\/revisions"}],"predecessor-version":[{"id":1171,"href":"https:\/\/compsolutions.com.ua\/de\/wp-json\/wp\/v2\/pages\/537\/revisions\/1171"}],"wp:attachment":[{"href":"https:\/\/compsolutions.com.ua\/de\/wp-json\/wp\/v2\/media?parent=537"}],"curies":[{"name":"wp","href":"https:\/\/api.w.org\/{rel}","templated":true}]}}