{"id":534,"date":"2025-05-07T00:52:50","date_gmt":"2025-05-06T21:52:50","guid":{"rendered":"http:\/\/compsolutions.com.ua\/?page_id=534"},"modified":"2025-05-27T00:48:27","modified_gmt":"2025-05-26T21:48:27","slug":"services04-04","status":"publish","type":"page","link":"https:\/\/compsolutions.com.ua\/de\/services04-04\/","title":{"rendered":"\u041d\u043e\u0442\u0438\u0444\u0456\u043a\u0430\u0446\u0456\u044f (\u0440\u0435\u0454\u0441\u0442\u0440\u0430\u0446\u0456\u044f) \u043a\u043e\u0441\u043c\u0435\u0442\u0438\u0447\u043d\u043e\u0433\u043e \u043f\u0440\u043e\u0434\u0443\u043a\u0442\u0443"},"content":{"rendered":"\r\n<div class=\"wp-block-group alignfull has-global-padding is-layout-constrained wp-container-core-group-is-layout-75346154 wp-block-group-is-layout-constrained has-background\" style=\"margin-top: 0; margin-bottom: 0; padding: 0 var(--wp--preset--spacing--60) 0 var(--wp--preset--spacing--60);background-image:url(&apos;http:\/\/compsolutions.com.ua\/wp-content\/uploads\/2025\/05\/background_ping.jpg&apos;);background-size:cover;\">\r\n<div class=\"wp-block-spacer\" style=\"height: 40px;\" aria-hidden=\"true\">\u00a0<\/div>\r\n\r\n\r\n\r\n<p style=\"font-size:clamp(16.293px, 1.018rem + ((1vw - 3.2px) * 0.845), 25px); line-height: 1.6; text-align: justify;\"><strong>Der Mechanismus zur Benachrichtigung<\/strong> von Informationen \u00fcber kosmetische Produkte wird durch das Benachrichtigungsverfahren festgelegt, das durch den Erlass des <a href=\"https:\/\/moz.gov.ua\/uk\/decrees\/nakaz-moz-ukraini-vid-18122023--2147-pro-zatverdzhennja-porjadku-notifikacii-nadannja-informacii-pro-kosmetichnu-produkciju\">Ministeriums f\u00fcr Gesundheit der Ukraine Nr. 2147 vom 18. Dezember 2023<\/a> genehmigt wurde. Dieses Dokument regelt das Verfahren zur \u00dcbermittlung von Informationen \u00fcber kosmetische Mittel sowie die Einrichtung und <strong>Funktionsweise des elektronischen Benachrichtigungssystems.<\/strong><\/p>\r\n\r\n\r\n\r\n<p style=\"font-size:clamp(16.293px, 1.018rem + ((1vw - 3.2px) * 0.845), 25px); line-height: 1.6; text-align: justify;\">Das Verfahren sieht zwei unterschiedliche Ans\u00e4tze der Benachrichtigung je nach Produkttyp vor:<\/p>\r\n\r\n\r\n\r\n<ul class=\"wp-block-list\" style=\"font-size:clamp(16.293px, 1.018rem + ((1vw - 3.2px) * 0.845), 25px); line-height: 1.6; text-align: justify;\">\r\n<li><strong>Ein-Komponenten-Produkt<\/strong> \u2013 ein einzelnes kosmetisches Mittel, das eigenst\u00e4ndig vermarktet wird, auch als Teil eines Sets.<\/li>\r\n\r\n\r\n\r\n<li><strong>Mehr-Komponenten-Produkt<\/strong> \u2013 besteht aus mehreren Komponenten, die nicht separat verkauft werden.<\/li>\r\n<\/ul>\r\n\r\n\r\n\r\n<p style=\"font-size:clamp(16.293px, 1.018rem + ((1vw - 3.2px) * 0.845), 25px); line-height: 1.6; text-align: justify;\">Bei der \u00dcbermittlung der Informationen \u00fcber das System best\u00e4tigt die <a href=\"https:\/\/compsolutions.com.ua\/de\/services02-02\/\">verantwortliche Person<\/a>, dass das kosmetische Produkt keine verbotenen Inhaltsstoffe enth\u00e4lt. Allerdings stellt die Benachrichtigung allein noch nicht den automatischen Nachweis der vollst\u00e4ndigen \u00dcbereinstimmung des Produkts mit den Anforderungen der <a href=\"https:\/\/zakon.rada.gov.ua\/laws\/show\/65-2021-%D0%BF#Text\">Technischen Vorschrift<\/a> dar.<\/p>\r\n\r\n\r\n\r\n<p style=\"font-size:clamp(16.293px, 1.018rem + ((1vw - 3.2px) * 0.845), 25px); line-height: 1.6; text-align: justify;\">Die verantwortliche Person ist verpflichtet, alle erforderlichen Daten \u00fcber das kosmetische Mittel in das System einzugeben, bevor dieses in den Verkehr gebracht wird. Zum Zeitpunkt der Markteinf\u00fchrung m\u00fcssen zudem ein Bild des Etiketts (Grafikdatei) und, falls erforderlich, ein Foto der Verpackung vorgelegt werden.<\/p>\r\n\r\n\r\n\r\n<p style=\"font-size:clamp(16.293px, 1.018rem + ((1vw - 3.2px) * 0.845), 25px); line-height: 1.6; text-align: justify;\"><strong>Das Benachrichtigungssystem<\/strong> (Benachrichtigungsportal) ist eine kostenlose Online-Ressource zur \u00dcbermittlung von Informationen \u00fcber kosmetische Produkte, die im Einklang mit den Bestimmungen der Technischen Vorschrift eingerichtet wurde. Es wird vom Ministerium f\u00fcr Gesundheit der Ukraine administriert.<\/p>\r\n<\/div>\r\n\r\n\r\n\r\n<div class=\"wp-block-group alignfull has-global-padding is-layout-constrained wp-container-core-group-is-layout-8dd13e6d wp-block-group-is-layout-constrained\" style=\"padding-right: var(--wp--preset--spacing--60); padding-left: var(--wp--preset--spacing--60); text-align: justify;\">\u00a0<\/div>\r\n","protected":false},"excerpt":{"rendered":"<p>Der Mechanismus zur Benachrichtigung von Informationen \u00fcber kosmetische Produkte wird durch das Benachrichtigungsverfahren festgelegt, das durch den Erlass des Ministeriums f\u00fcr Gesundheit der Ukraine Nr. 2147 vom 18. Dezember 2023 genehmigt wurde. Dieses Dokument regelt das Verfahren zur \u00dcbermittlung von Informationen \u00fcber kosmetische Mittel sowie die Einrichtung und Funktionsweise des elektronischen Benachrichtigungssystems. Das Verfahren sieht [&hellip;]<\/p>\n","protected":false},"author":1,"featured_media":0,"parent":0,"menu_order":0,"comment_status":"closed","ping_status":"closed","template":"","meta":{"footnotes":""},"class_list":["post-534","page","type-page","status-publish","hentry"],"_links":{"self":[{"href":"https:\/\/compsolutions.com.ua\/de\/wp-json\/wp\/v2\/pages\/534","targetHints":{"allow":["GET"]}}],"collection":[{"href":"https:\/\/compsolutions.com.ua\/de\/wp-json\/wp\/v2\/pages"}],"about":[{"href":"https:\/\/compsolutions.com.ua\/de\/wp-json\/wp\/v2\/types\/page"}],"author":[{"embeddable":true,"href":"https:\/\/compsolutions.com.ua\/de\/wp-json\/wp\/v2\/users\/1"}],"replies":[{"embeddable":true,"href":"https:\/\/compsolutions.com.ua\/de\/wp-json\/wp\/v2\/comments?post=534"}],"version-history":[{"count":12,"href":"https:\/\/compsolutions.com.ua\/de\/wp-json\/wp\/v2\/pages\/534\/revisions"}],"predecessor-version":[{"id":1170,"href":"https:\/\/compsolutions.com.ua\/de\/wp-json\/wp\/v2\/pages\/534\/revisions\/1170"}],"wp:attachment":[{"href":"https:\/\/compsolutions.com.ua\/de\/wp-json\/wp\/v2\/media?parent=534"}],"curies":[{"name":"wp","href":"https:\/\/api.w.org\/{rel}","templated":true}]}}