{"id":528,"date":"2025-05-07T00:41:09","date_gmt":"2025-05-06T21:41:09","guid":{"rendered":"http:\/\/compsolutions.com.ua\/?page_id=528"},"modified":"2025-05-27T00:41:43","modified_gmt":"2025-05-26T21:41:43","slug":"services02-02","status":"publish","type":"page","link":"https:\/\/compsolutions.com.ua\/de\/services02-02\/","title":{"rendered":"\u041f\u043e\u0441\u043b\u0443\u0433\u0438 \u0432\u0456\u0434\u043f\u043e\u0432\u0456\u0434\u0430\u043b\u044c\u043d\u043e\u0457 \u043e\u0441\u043e\u0431\u0438 \u0432 \u0423\u043a\u0440\u0430\u0457\u043d\u0456"},"content":{"rendered":"\r\n<div class=\"wp-block-group alignfull has-global-padding is-layout-constrained wp-container-core-group-is-layout-75346154 wp-block-group-is-layout-constrained has-background\" style=\"margin-top: 0px; margin-bottom: 0px; padding: 0 var(--wp--preset--spacing--60) 0 var(--wp--preset--spacing--60); text-align: justify;background-image:url(&apos;http:\/\/compsolutions.com.ua\/wp-content\/uploads\/2025\/05\/background_ping.jpg&apos;);background-size:cover;\">\r\n<div class=\"wp-block-spacer\" style=\"height: 40px;\" aria-hidden=\"true\">\u00a0<\/div>\r\n\r\n\r\n\r\n<p style=\"font-size:clamp(16.293px, 1.018rem + ((1vw - 3.2px) * 0.845), 25px); line-height: 1.6; text-align: justify;\"><strong>Die verantwortliche Person<\/strong> ist eine juristische Person oder ein in der Ukraine ans\u00e4ssiger Einzelunternehmer, der garantiert, dass ein kosmetisches Produkt den Anforderungen der <a href=\"https:\/\/zakon.rada.gov.ua\/laws\/show\/65-2021-%D0%BF#Text\">Technischen Verordnung entspricht<\/a>. Dies umfasst die Konformit\u00e4t der Zusammensetzung, die rechtm\u00e4\u00dfige Kennzeichnung, die Einhaltung der GMP-Anforderungen, die <a href=\"https:\/\/compsolutions.com.ua\/de\/services03-03\/\">Erstellung eines Sicherheitsberichts<\/a>, die <a href=\"https:\/\/compsolutions.com.ua\/de\/services04-04\/\">Notifizierung des Produkts<\/a> sowie der grafischen <a href=\"https:\/\/compsolutions.com.ua\/de\/services05-05\/\">Darstellung der Verpackung<\/a>, die Pflege und Aktualisierung der Produktinformationsdatei sowie das Monitoring unerw\u00fcnschter Wirkungen. Nur solche kosmetischen Produkte, f\u00fcr die eine verantwortliche Person benannt wurde, d\u00fcrfen auf dem ukrainischen Markt in Verkehr gebracht werden.<\/p>\r\n<p style=\"font-size: 25px; line-height: 1.6;\">\r\n\r\n<\/p>\r\n<p style=\"font-size:clamp(16.293px, 1.018rem + ((1vw - 3.2px) * 0.845), 25px); line-height: 1.6;\">Wird ein kosmetisches Produkt in der Ukraine hergestellt, \u00fcbernimmt der Hersteller die Rolle der verantwortlichen Person. Bei importierten Produkten \u00fcbernimmt der Importeur diese Funktion. Sowohl der Hersteller als auch der Importeur k\u00f6nnen die Aufgaben der verantwortlichen Person an einen Dritten \u00fcbertragen \u2013 vorausgesetzt, es liegt eine schriftliche Beauftragung sowie die schriftliche Zustimmung der benannten verantwortlichen Person vor.<\/p>\r\n<p style=\"font-size: 25px; line-height: 1.6;\">\r\n\r\n<\/p>\r\n<p style=\"font-size:clamp(16.293px, 1.018rem + ((1vw - 3.2px) * 0.845), 25px); line-height: 1.6; text-align: justify;\">Das Unternehmen <strong>\u201eBeauty Compliance Solutions\u201c<\/strong> ist auf das Outsourcing der Funktion der verantwortlichen Person f\u00fcr Kosmetikhersteller spezialisiert. Die Zusammenarbeit mit uns erm\u00f6glicht:<\/p>\r\n<p style=\"font-size: 25px; line-height: 1.6; text-align: justify;\">\r\n\r\n<\/p>\r\n<ul class=\"wp-block-list\" style=\"font-size:clamp(16.293px, 1.018rem + ((1vw - 3.2px) * 0.845), 25px); line-height: 1.6;\">\r\n<li>eine fundierte Konformit\u00e4tsbewertung der Produkte zur Erh\u00f6hung der Produktsicherheit;<\/li>\r\n\r\n\r\n\r\n<li>die Trennung regulatorischer Aufgaben von Marketing und Vertrieb;<\/li>\r\n\r\n\r\n\r\n<li>die zentrale und vertrauliche Verwaltung der Produktinformationsdatei;<\/li>\r\n\r\n\r\n\r\n<li>die professionelle Kommunikation mit Beh\u00f6rden, einschlie\u00dflich Markt\u00fcberwachungspr\u00fcfungen;<\/li>\r\n\r\n\r\n\r\n<li>die Verbesserung der Erfassung und Analyse sicherheitsrelevanter Produktdaten.<\/li>\r\n<\/ul>\r\n<p style=\"font-size: 25px; line-height: 1.6; text-align: justify;\"><\/p>\r\n<\/div>\r\n\r\n\r\n\r\n<div class=\"wp-block-group alignfull has-global-padding is-layout-constrained wp-container-core-group-is-layout-8dd13e6d wp-block-group-is-layout-constrained\" style=\"padding-right: var(--wp--preset--spacing--60); padding-left: var(--wp--preset--spacing--60); text-align: justify;\">\r\n<p style=\"font-size:clamp(16.293px, 1.018rem + ((1vw - 3.2px) * 0.845), 25px); line-height: 1.6; text-align: justify;\"><strong>Die Aufgaben der verantwortlichen Person umfassen insbesondere:<\/strong><\/p>\r\n<p style=\"font-size: 25px; line-height: 1.6; text-align: justify;\">\r\n\r\n<\/p>\r\n<ul class=\"wp-block-list\" style=\"font-size:clamp(16.293px, 1.018rem + ((1vw - 3.2px) * 0.845), 25px); line-height: 1.6;\">\r\n<li style=\"text-align: justify;\">Sicherstellung der Konformit\u00e4t der Produktzusammensetzung mit <a href=\"https:\/\/zakon.rada.gov.ua\/laws\/show\/65-2021-%D0%BF#Text\">geltenden Vorschriften<\/a>;<\/li>\r\n\r\n\r\n\r\n<li style=\"text-align: justify;\">Pr\u00fcfung der Korrektheit und Rechtm\u00e4\u00dfigkeit der <a href=\"https:\/\/compsolutions.com.ua\/de\/services05-05\/\">Produktkennzeichnung<\/a>;<\/li>\r\n\r\n\r\n\r\n<li style=\"text-align: justify;\">Erstellung des <a href=\"https:\/\/compsolutions.com.ua\/de\/services03-03\/\">Sicherheitsbewertungsberichts<\/a>;<\/li>\r\n\r\n\r\n\r\n<li style=\"text-align: justify;\">Aufbau und laufende Aktualisierung der technischen Dokumentation;<\/li>\r\n\r\n\r\n\r\n<li style=\"text-align: justify;\">Organisation der Probenentnahme und Laboranalysen;<\/li>\r\n\r\n\r\n\r\n<li style=\"text-align: justify;\">Einhaltung der GMP-Anforderungen w\u00e4hrend der Herstellung;<\/li>\r\n\r\n\r\n\r\n<li style=\"text-align: justify;\">Notifizierung des Produkts und der Verpackung bei den zust\u00e4ndigen Beh\u00f6rden;<\/li>\r\n\r\n\r\n\r\n<li style=\"text-align: justify;\">Aufbewahrung der relevanten Dokumentation f\u00fcr zehn Jahre nach dem Inverkehrbringen der letzten Charge;<\/li>\r\n\r\n\r\n\r\n<li style=\"text-align: justify;\">Gew\u00e4hrleistung des Zugangs zu Informationen \u00fcber die Produktzusammensetzung f\u00fcr die Beh\u00f6rden;<\/li>\r\n\r\n\r\n\r\n<li style=\"text-align: justify;\">Bereitstellung von Informationen \u00fcber Vertriebspartner auf Anfrage der Marktaufsichtsbeh\u00f6rden;<\/li>\r\n\r\n\r\n\r\n<li style=\"text-align: justify;\">Meldung schwerwiegender unerw\u00fcnschter Wirkungen im Zusammenhang mit der Produktanwendung.<\/li>\r\n<\/ul>\r\n<p style=\"font-size: 25px; line-height: 1.6;\"><\/p>\r\n<\/div>\r\n","protected":false},"excerpt":{"rendered":"<p>Die verantwortliche Person ist eine juristische Person oder ein in der Ukraine ans\u00e4ssiger Einzelunternehmer, der garantiert, dass ein kosmetisches Produkt den Anforderungen der Technischen Verordnung entspricht. Dies umfasst die Konformit\u00e4t der Zusammensetzung, die rechtm\u00e4\u00dfige Kennzeichnung, die Einhaltung der GMP-Anforderungen, die Erstellung eines Sicherheitsberichts, die Notifizierung des Produkts sowie der grafischen Darstellung der Verpackung, die Pflege [&hellip;]<\/p>\n","protected":false},"author":1,"featured_media":0,"parent":0,"menu_order":0,"comment_status":"closed","ping_status":"closed","template":"","meta":{"footnotes":""},"class_list":["post-528","page","type-page","status-publish","hentry"],"_links":{"self":[{"href":"https:\/\/compsolutions.com.ua\/de\/wp-json\/wp\/v2\/pages\/528","targetHints":{"allow":["GET"]}}],"collection":[{"href":"https:\/\/compsolutions.com.ua\/de\/wp-json\/wp\/v2\/pages"}],"about":[{"href":"https:\/\/compsolutions.com.ua\/de\/wp-json\/wp\/v2\/types\/page"}],"author":[{"embeddable":true,"href":"https:\/\/compsolutions.com.ua\/de\/wp-json\/wp\/v2\/users\/1"}],"replies":[{"embeddable":true,"href":"https:\/\/compsolutions.com.ua\/de\/wp-json\/wp\/v2\/comments?post=528"}],"version-history":[{"count":18,"href":"https:\/\/compsolutions.com.ua\/de\/wp-json\/wp\/v2\/pages\/528\/revisions"}],"predecessor-version":[{"id":1168,"href":"https:\/\/compsolutions.com.ua\/de\/wp-json\/wp\/v2\/pages\/528\/revisions\/1168"}],"wp:attachment":[{"href":"https:\/\/compsolutions.com.ua\/de\/wp-json\/wp\/v2\/media?parent=528"}],"curies":[{"name":"wp","href":"https:\/\/api.w.org\/{rel}","templated":true}]}}