{"id":525,"date":"2025-05-07T00:36:10","date_gmt":"2025-05-06T21:36:10","guid":{"rendered":"http:\/\/compsolutions.com.ua\/?page_id=525"},"modified":"2025-05-19T22:49:17","modified_gmt":"2025-05-19T19:49:17","slug":"services01-01","status":"publish","type":"page","link":"https:\/\/compsolutions.com.ua\/de\/services01-01\/","title":{"rendered":"\u041f\u0456\u0434\u0433\u043e\u0442\u043e\u0432\u043a\u0430 \u0442\u0430 \u0435\u043a\u0441\u043f\u0435\u0440\u0442\u0438\u0437\u0430 \u0444\u0430\u0439\u043b\u0443 \u0437 \u0456\u043d\u0444\u043e\u0440\u043c\u0430\u0446\u0456\u0454\u044e \u043f\u0440\u043e \u043a\u043e\u0441\u043c\u0435\u0442\u0438\u0447\u043d\u0438\u0439 \u043f\u0440\u043e\u0434\u0443\u043a\u0442"},"content":{"rendered":"\r\n<div class=\"wp-block-group alignfull has-global-padding is-layout-constrained wp-container-core-group-is-layout-75346154 wp-block-group-is-layout-constrained has-background\" style=\"margin-top: 0; margin-bottom: 0; padding: 0 var(--wp--preset--spacing--60) 0 var(--wp--preset--spacing--60);background-image:url(&apos;http:\/\/compsolutions.com.ua\/wp-content\/uploads\/2025\/05\/background_ping.jpg&apos;);background-size:cover;\">\r\n<div class=\"wp-block-spacer\" style=\"height: 40px;\" aria-hidden=\"true\">\u00a0<\/div>\r\n\r\n\r\n\r\n<p style=\"font-size:clamp(16.293px, 1.018rem + ((1vw - 3.2px) * 0.845), 25px); line-height: 1.6; text-align: justify;\">Ab dem 3. August 2026 muss alle kosmetische Mittel, die auf dem Gebiet der Ukraine in den Verkauf gelangen, den Anforderungen der Technischen Vorschriften f\u00fcr kosmetische Mittel entsprechen, die durch die <a href=\"https:\/\/zakon.rada.gov.ua\/laws\/show\/65-2021-%D0%BF#Text\">Verordnung des Ministerkabinetts der Ukraine Nr. 65 vom 20. Januar 2021<\/a> genehmigt wurden, sowie anderen geltenden Rechtsakten im Bereich der technischen Regulierung.<br \/><br \/>Gem\u00e4\u00df den Vorschriften ist die verantwortliche Person verpflichtet, f\u00fcr jedes kosmetische Produkt, das in der Ukraine <a href=\"http:\/\/compsolutions.com.ua\/services02-02\/\">vermarktet wird<\/a>, eine Produktinformationsdatei (PIF) zu erstellen. Diese Datei ist ein technisches Dossier, das vollst\u00e4ndige und aktuelle Informationen und Unterlagen \u00fcber das Produkt enth\u00e4lt, insbesondere Daten zur Identifikation, Qualit\u00e4t und Sicherheit des Produkts. Das Hauptziel dieser Datei ist es, zu best\u00e4tigen, dass das kosmetische Produkt unter den vorgesehenen Verwendungsbedingungen sicher ist.<br \/><br \/>Die Dokumentation f\u00fcr ein kosmetisches Produkt muss gem\u00e4\u00df den Anforderungen der technischen Vorschrift <strong>f\u00fcnf Hauptabschnitte enthalten<\/strong>:<\/p>\r\n\r\n\r\n\r\n<p style=\"font-size:clamp(16.293px, 1.018rem + ((1vw - 3.2px) * 0.845), 25px); line-height: 1.6; text-align: justify;\">1. Produktbeschreibung \u2013 enth\u00e4lt Informationen, die eine eindeutige Identifikation des kosmetischen Mittels erm\u00f6glichen und es mit der entsprechenden Dokumentation verkn\u00fcpfen.<br \/>2. <a href=\"https:\/\/compsolutions.com.ua\/de\/services03-03\/\">Sicherheitsbewertung<\/a> \u2013 ein Dokument, das das Ergebnis der Analyse potenzieller Gesundheitsrisiken und der Bewertung der Produktsicherheit darstellt.<br \/>3. Beschreibung des Herstellungsprozesses und Nachweis der Einhaltung der GMP-Anforderungen \u2013 umfasst eine kurze Beschreibung der Produktion, Angaben zu verwendeten Ger\u00e4ten und Materialien sowie eine Erkl\u00e4rung zur Einhaltung der Guten Herstellungspraxis (GMP).<br \/>4. Nachweis der Produktwirksamkeit \u2013 enth\u00e4lt belegbare Nachweise zur Untermauerung jeglicher Wirkversprechen, die auf der Verpackung, in der Werbung, auf Websites usw. gemacht werden.<br \/>5. Informationen zur Tierversuchsdurchf\u00fchrung \u2013 enth\u00e4lt Angaben \u00fcber Studien, die vom Hersteller oder Lieferanten zur Sicherheitsbewertung oder Produktentwicklung, der Inhaltsstoffe oder Rohstoffe durchgef\u00fchrt wurden, sofern solche vorhanden sind.<\/p>\r\n\r\n\r\n\r\n<p style=\"font-size:clamp(16.293px, 1.018rem + ((1vw - 3.2px) * 0.845), 25px); line-height: 1.6; text-align: justify;\">Die Produktinformationsdatei muss st\u00e4ndig aktuell gehalten werden. Sie ist bei jeder \u00c4nderung \u2013 etwa durch neue wissenschaftliche Erkenntnisse, Gesetzes\u00e4nderungen, \u00c4nderungen im Produktionsprozess, Wechsel der Rohstofflieferanten oder bei Auftreten neuer unerw\u00fcnschter Wirkungen \u2013 zu aktualisieren.<\/p>\r\n<\/div>\r\n\r\n\r\n\r\n<div class=\"wp-block-group alignfull has-global-padding is-layout-constrained wp-container-core-group-is-layout-8dd13e6d wp-block-group-is-layout-constrained\" style=\"padding-right: var(--wp--preset--spacing--60); padding-left: var(--wp--preset--spacing--60); text-align: justify;\">\u00a0<\/div>\r\n","protected":false},"excerpt":{"rendered":"<p>Ab dem 3. August 2026 muss alle kosmetische Mittel, die auf dem Gebiet der Ukraine in den Verkauf gelangen, den Anforderungen der Technischen Vorschriften f\u00fcr kosmetische Mittel entsprechen, die durch die Verordnung des Ministerkabinetts der Ukraine Nr. 65 vom 20. Januar 2021 genehmigt wurden, sowie anderen geltenden Rechtsakten im Bereich der technischen Regulierung. Gem\u00e4\u00df den [&hellip;]<\/p>\n","protected":false},"author":1,"featured_media":0,"parent":0,"menu_order":0,"comment_status":"closed","ping_status":"closed","template":"","meta":{"footnotes":""},"class_list":["post-525","page","type-page","status-publish","hentry"],"_links":{"self":[{"href":"https:\/\/compsolutions.com.ua\/de\/wp-json\/wp\/v2\/pages\/525","targetHints":{"allow":["GET"]}}],"collection":[{"href":"https:\/\/compsolutions.com.ua\/de\/wp-json\/wp\/v2\/pages"}],"about":[{"href":"https:\/\/compsolutions.com.ua\/de\/wp-json\/wp\/v2\/types\/page"}],"author":[{"embeddable":true,"href":"https:\/\/compsolutions.com.ua\/de\/wp-json\/wp\/v2\/users\/1"}],"replies":[{"embeddable":true,"href":"https:\/\/compsolutions.com.ua\/de\/wp-json\/wp\/v2\/comments?post=525"}],"version-history":[{"count":18,"href":"https:\/\/compsolutions.com.ua\/de\/wp-json\/wp\/v2\/pages\/525\/revisions"}],"predecessor-version":[{"id":1155,"href":"https:\/\/compsolutions.com.ua\/de\/wp-json\/wp\/v2\/pages\/525\/revisions\/1155"}],"wp:attachment":[{"href":"https:\/\/compsolutions.com.ua\/de\/wp-json\/wp\/v2\/media?parent=525"}],"curies":[{"name":"wp","href":"https:\/\/api.w.org\/{rel}","templated":true}]}}