{"id":520,"date":"2025-05-07T00:29:24","date_gmt":"2025-05-06T21:29:24","guid":{"rendered":"http:\/\/compsolutions.com.ua\/?page_id=520"},"modified":"2025-06-20T00:57:23","modified_gmt":"2025-06-19T21:57:23","slug":"services01-2","status":"publish","type":"page","link":"https:\/\/compsolutions.com.ua\/de\/services01-2\/","title":{"rendered":"\u041f\u043e\u0441\u043b\u0443\u0433\u0438"},"content":{"rendered":"\r\n<div class=\"wp-block-group alignfull has-global-padding is-layout-constrained wp-container-core-group-is-layout-8dd13e6d wp-block-group-is-layout-constrained has-background\" style=\"padding-right: var(--wp--preset--spacing--60); padding-left: var(--wp--preset--spacing--60);background-image:url(&apos;http:\/\/compsolutions.com.ua\/wp-content\/uploads\/2025\/05\/background_ping.jpg&apos;);background-size:cover;\">\r\n<div class=\"wp-block-spacer\" style=\"margin-top: 0; margin-bottom: 0; height: 40px;\" aria-hidden=\"true\">\u00a0<\/div>\r\n\r\n\r\n\r\n<p class=\"has-jost-font-family\" style=\"padding-top: 0px; padding-bottom: 0px; font-size:clamp(16.293px, 1.018rem + ((1vw - 3.2px) * 0.845), 25px); line-height: 1.6; text-align: justify;\"><strong>Beauty Compliance Solutions<\/strong> bietet umfassende Dienstleistungen f\u00fcr die Einf\u00fchrung von Kosmetikprodukten auf den ukrainischen Markt gem\u00e4\u00df den geltenden gesetzlichen Anforderungen, insbesondere der Technischen Verordnung f\u00fcr Kosmetikprodukte (Verordnung des Ministerkabinetts der Ukraine Nr. 65 vom 20. Januar 2021).<\/p>\r\n<p style=\"padding-top: 0; padding-bottom: 0; font-size: 25px; line-height: 1.6;\">\r\n\r\n<\/p>\r\n<p class=\"has-jost-font-family\" style=\"font-size:clamp(16.293px, 1.018rem + ((1vw - 3.2px) * 0.845), 25px); line-height: 1.6; text-align: justify;\"><strong>Wir bieten:<\/strong><\/p>\r\n<p style=\"font-size: 25px; line-height: 1.6;\">\r\n\r\n<\/p>\r\n<p class=\"has-jost-font-family\" style=\"font-size:clamp(16.293px, 1.018rem + ((1vw - 3.2px) * 0.845), 25px); line-height: 1.6; text-align: justify;\"><strong>1. <a href=\"https:\/\/compsolutions.com.ua\/de\/services01-01\/\">Erstellung und Pr\u00fcfung der Produktinformationsdatei (PIF)<\/a><\/strong><br \/>Erstellung eines vollst\u00e4ndigen Dokumentationspakets, um die Konformit\u00e4t des Kosmetikprodukts mit den ukrainischen Rechtsvorschriften zu gew\u00e4hrleisten, einschlie\u00dflich der Pr\u00fcfung der bereitgestellten Informationen.<br \/><br \/><strong>2. <a href=\"https:\/\/compsolutions.com.ua\/de\/services02-02\/\">Dienstleistungen der Verantwortlichen Person in der Ukraine<\/a><\/strong><br \/>Wir \u00fcbernehmen die Funktion der verantwortlichen Person f\u00fcr Hersteller und Importeure von Kosmetikprodukten gem\u00e4\u00df den ukrainischen gesetzlichen Anforderungen.<br \/><br \/><strong>3. <a href=\"https:\/\/compsolutions.com.ua\/de\/services03-03\/\">Erstellung eines Sicherheitsberichts f\u00fcr Kosmetikprodukte (CPSR)<\/a><\/strong><br \/>Wir erstellen individuelle Sicherheitsberichte gem\u00e4\u00df internationalen und ukrainischen Standards.<\/p>\r\n<p style=\"font-size: 25px; line-height: 1.6;\">\r\n\r\n<\/p>\r\n<p class=\"has-jost-font-family\" style=\"font-size:clamp(16.293px, 1.018rem + ((1vw - 3.2px) * 0.845), 25px); line-height: 1.6; text-align: justify;\"><strong>4. <a href=\"https:\/\/compsolutions.com.ua\/de\/services04-04\/\">Notifizierung (Registrierung) von Kosmetikprodukten<\/a><\/strong><br \/>Durchf\u00fchrung des offiziellen Notifizierungsverfahrens f\u00fcr Kosmetikprodukte vor deren Einf\u00fchrung auf dem ukrainischen Markt.<br \/><br \/><strong>5. <a href=\"https:\/\/compsolutions.com.ua\/de\/services05-05\/\">Entwicklung und Zulassung der Etikettierung kosmetischer Produkte<\/a><\/strong><br \/>Analyse der Kennzeichnung auf Konformit\u00e4t mit den ukrainischen Rechtsvorschriften und Bereitstellung von Empfehlungen zur Anpassung oder Entwicklung von Grund auf.<\/p>\r\n<p style=\"font-size: 25px; line-height: 1.6;\"><\/p>\r\n<\/div>\r\n\r\n\r\n\r\n<div class=\"wp-block-group alignfull has-global-padding is-layout-constrained wp-container-core-group-is-layout-db4d847e wp-block-group-is-layout-constrained\" style=\"padding: 0 var(--wp--preset--spacing--60) 0 var(--wp--preset--spacing--60);\">\r\n<p class=\"has-large-font-size\" style=\"font-style: normal; font-weight: 600;\">Wie wir arbeiten:<\/p>\r\n\r\n\r\n\r\n<div class=\"wp-block-group is-nowrap is-layout-flex wp-container-core-group-is-layout-6c531013 wp-block-group-is-layout-flex\">\r\n<figure class=\"wp-block-image size-full is-resized\"><img loading=\"lazy\" decoding=\"async\" width=\"512\" height=\"512\" class=\"wp-image-453\" style=\"width: 157px; height: auto;\" src=\"http:\/\/compsolutions.com.ua\/wp-content\/uploads\/2025\/05\/icon01.png\" alt=\"\" srcset=\"https:\/\/compsolutions.com.ua\/de\/wp-content\/uploads\/2025\/05\/icon01.png 512w, https:\/\/compsolutions.com.ua\/de\/wp-content\/uploads\/2025\/05\/icon01-300x300.png 300w, https:\/\/compsolutions.com.ua\/de\/wp-content\/uploads\/2025\/05\/icon01-150x150.png 150w\" sizes=\"auto, (max-width: 512px) 100vw, 512px\" \/><\/figure>\r\n\r\n\r\n\r\n<p class=\"has-link-color has-large-font-size wp-elements-068bdea6a67a042f850e4361538901df\"><a href=\"https:\/\/compsolutions.com.ua\/de\/contacts-02\/\">Sie f\u00fcllen das Formular aus oder rufen uns an.<\/a><\/p>\r\n<\/div>\r\n\r\n\r\n\r\n<div class=\"wp-block-group is-nowrap is-layout-flex wp-container-core-group-is-layout-6c531013 wp-block-group-is-layout-flex\">\r\n<div class=\"wp-block-spacer wp-container-content-6388d5dc\" style=\"height: 100px; width: 0px;\" aria-hidden=\"true\">\u00a0<\/div>\r\n\r\n\r\n\r\n<figure class=\"wp-block-image size-full is-resized\"><img loading=\"lazy\" decoding=\"async\" width=\"512\" height=\"512\" class=\"wp-image-454\" style=\"width: 177px; height: auto;\" src=\"http:\/\/compsolutions.com.ua\/wp-content\/uploads\/2025\/05\/icon02.png\" alt=\"\" srcset=\"https:\/\/compsolutions.com.ua\/de\/wp-content\/uploads\/2025\/05\/icon02.png 512w, https:\/\/compsolutions.com.ua\/de\/wp-content\/uploads\/2025\/05\/icon02-300x300.png 300w, https:\/\/compsolutions.com.ua\/de\/wp-content\/uploads\/2025\/05\/icon02-150x150.png 150w\" sizes=\"auto, (max-width: 512px) 100vw, 512px\" \/><\/figure>\r\n\r\n\r\n\r\n<p class=\"has-link-color has-large-font-size wp-elements-00906727b17fca49d4c7a0a5ec3eb4e9\">Wir bieten eine kostenlose Beratung an.<\/p>\r\n<\/div>\r\n\r\n\r\n\r\n<div class=\"wp-block-group is-nowrap is-layout-flex wp-container-core-group-is-layout-6c531013 wp-block-group-is-layout-flex\">\r\n<figure class=\"wp-block-image size-full is-resized\"><img loading=\"lazy\" decoding=\"async\" width=\"512\" height=\"512\" class=\"wp-image-455\" style=\"width: 157px; height: auto;\" src=\"http:\/\/compsolutions.com.ua\/wp-content\/uploads\/2025\/05\/icon03.png\" alt=\"\" srcset=\"https:\/\/compsolutions.com.ua\/de\/wp-content\/uploads\/2025\/05\/icon03.png 512w, https:\/\/compsolutions.com.ua\/de\/wp-content\/uploads\/2025\/05\/icon03-300x300.png 300w, https:\/\/compsolutions.com.ua\/de\/wp-content\/uploads\/2025\/05\/icon03-150x150.png 150w\" sizes=\"auto, (max-width: 512px) 100vw, 512px\" \/><\/figure>\r\n\r\n\r\n\r\n<p class=\"has-link-color has-large-font-size wp-elements-a7177158d7da527279f3ee569eb6926d\">Wir erhalten die Ausgangsdokumente von Ihnen.<\/p>\r\n<\/div>\r\n\r\n\r\n\r\n<div class=\"wp-block-group is-nowrap is-layout-flex wp-container-core-group-is-layout-6c531013 wp-block-group-is-layout-flex\">\r\n<div class=\"wp-block-spacer wp-container-content-6388d5dc\" style=\"height: 100px; width: 0px;\" aria-hidden=\"true\">\u00a0<\/div>\r\n\r\n\r\n\r\n<figure class=\"wp-block-image size-full is-resized\"><img loading=\"lazy\" decoding=\"async\" width=\"512\" height=\"512\" class=\"wp-image-456\" style=\"width: 157px; height: auto;\" src=\"http:\/\/compsolutions.com.ua\/wp-content\/uploads\/2025\/05\/icon04.png\" alt=\"\" srcset=\"https:\/\/compsolutions.com.ua\/de\/wp-content\/uploads\/2025\/05\/icon04.png 512w, https:\/\/compsolutions.com.ua\/de\/wp-content\/uploads\/2025\/05\/icon04-300x300.png 300w, https:\/\/compsolutions.com.ua\/de\/wp-content\/uploads\/2025\/05\/icon04-150x150.png 150w\" sizes=\"auto, (max-width: 512px) 100vw, 512px\" \/><\/figure>\r\n\r\n\r\n\r\n<p class=\"has-link-color has-large-font-size wp-elements-d01207a8bc9148ab4185a396ab3adc59\">Wir unterzeichnen den Vertrag.<\/p>\r\n<\/div>\r\n\r\n\r\n\r\n<div class=\"wp-block-group is-nowrap is-layout-flex wp-container-core-group-is-layout-6c531013 wp-block-group-is-layout-flex\">\r\n<figure class=\"wp-block-image size-full is-resized\"><img loading=\"lazy\" decoding=\"async\" width=\"512\" height=\"512\" class=\"wp-image-457\" style=\"width: 136px; height: auto;\" src=\"http:\/\/compsolutions.com.ua\/wp-content\/uploads\/2025\/05\/icon05.png\" alt=\"\" srcset=\"https:\/\/compsolutions.com.ua\/de\/wp-content\/uploads\/2025\/05\/icon05.png 512w, https:\/\/compsolutions.com.ua\/de\/wp-content\/uploads\/2025\/05\/icon05-300x300.png 300w, https:\/\/compsolutions.com.ua\/de\/wp-content\/uploads\/2025\/05\/icon05-150x150.png 150w\" sizes=\"auto, (max-width: 512px) 100vw, 512px\" \/><\/figure>\r\n\r\n\r\n\r\n<p class=\"has-link-color has-large-font-size wp-elements-0cfa070679406de19614cf83ea2c1adb\">Wir beginnen mit der Arbeit.<\/p>\r\n<\/div>\r\n<\/div>\r\n","protected":false},"excerpt":{"rendered":"<p>Beauty Compliance Solutions bietet umfassende Dienstleistungen f\u00fcr die Einf\u00fchrung von Kosmetikprodukten auf den ukrainischen Markt gem\u00e4\u00df den geltenden gesetzlichen Anforderungen, insbesondere der Technischen Verordnung f\u00fcr Kosmetikprodukte (Verordnung des Ministerkabinetts der Ukraine Nr. 65 vom 20. Januar 2021). Wir bieten: 1. Erstellung und Pr\u00fcfung der Produktinformationsdatei (PIF)Erstellung eines vollst\u00e4ndigen Dokumentationspakets, um die Konformit\u00e4t des Kosmetikprodukts mit [&hellip;]<\/p>\n","protected":false},"author":1,"featured_media":0,"parent":0,"menu_order":0,"comment_status":"closed","ping_status":"closed","template":"","meta":{"footnotes":""},"class_list":["post-520","page","type-page","status-publish","hentry"],"_links":{"self":[{"href":"https:\/\/compsolutions.com.ua\/de\/wp-json\/wp\/v2\/pages\/520","targetHints":{"allow":["GET"]}}],"collection":[{"href":"https:\/\/compsolutions.com.ua\/de\/wp-json\/wp\/v2\/pages"}],"about":[{"href":"https:\/\/compsolutions.com.ua\/de\/wp-json\/wp\/v2\/types\/page"}],"author":[{"embeddable":true,"href":"https:\/\/compsolutions.com.ua\/de\/wp-json\/wp\/v2\/users\/1"}],"replies":[{"embeddable":true,"href":"https:\/\/compsolutions.com.ua\/de\/wp-json\/wp\/v2\/comments?post=520"}],"version-history":[{"count":82,"href":"https:\/\/compsolutions.com.ua\/de\/wp-json\/wp\/v2\/pages\/520\/revisions"}],"predecessor-version":[{"id":1183,"href":"https:\/\/compsolutions.com.ua\/de\/wp-json\/wp\/v2\/pages\/520\/revisions\/1183"}],"wp:attachment":[{"href":"https:\/\/compsolutions.com.ua\/de\/wp-json\/wp\/v2\/media?parent=520"}],"curies":[{"name":"wp","href":"https:\/\/api.w.org\/{rel}","templated":true}]}}