{"id":512,"date":"2025-05-06T23:56:28","date_gmt":"2025-05-06T20:56:28","guid":{"rendered":"http:\/\/compsolutions.com.ua\/?page_id=512"},"modified":"2025-05-18T03:25:25","modified_gmt":"2025-05-18T00:25:25","slug":"about01","status":"publish","type":"page","link":"https:\/\/compsolutions.com.ua\/de\/about01\/","title":{"rendered":"\u041f\u0440\u043e \u043d\u0430\u0441"},"content":{"rendered":"\r\n<div class=\"wp-block-group alignfull has-global-padding is-layout-constrained wp-container-core-group-is-layout-0c25cc71 wp-block-group-is-layout-constrained has-background\" style=\"padding-right: var(--wp--preset--spacing--60); padding-left: var(--wp--preset--spacing--60); text-align: justify;background-image:url(&apos;http:\/\/compsolutions.com.ua\/wp-content\/uploads\/2025\/05\/background_ping.jpg&apos;);background-size:cover;\">\r\n<div class=\"wp-block-spacer\" style=\"height: 40px;\" aria-hidden=\"true\">\u00a0<\/div>\r\n\r\n\r\n\r\n<div class=\"wp-block-spacer\" style=\"height: 20px;\" aria-hidden=\"true\">\u00a0<\/div>\r\n\r\n\r\n\r\n<p class=\"has-jost-font-family\" style=\"font-size:clamp(16.293px, 1.018rem + ((1vw - 3.2px) * 0.845), 25px); line-height: 1.6;\"><strong>Beauty Compliance Solutions<\/strong> ist ein Team von Fachleuten, das sich auf Fragen im Zusammenhang mit der Notifizierung kosmetischer Produkte in der Ukraine gem\u00e4\u00df den aktuellen gesetzlichen Anforderungen spezialisiert hat.<\/p>\r\n\r\n\r\n\r\n<p class=\"has-jost-font-family\" style=\"padding-top: var(--wp--preset--spacing--30); padding-bottom: var(--wp--preset--spacing--30); font-size:clamp(16.293px, 1.018rem + ((1vw - 3.2px) * 0.845), 25px); line-height: 1.6;\">Wir vereinen Experten mit Hochschulabschl\u00fcssen in Chemie, Pharmazie und Medizin, die \u00fcber fundierte Kenntnisse der regulatorischen Anforderungen sowohl der Ukraine als auch der Europ\u00e4ischen Union verf\u00fcgen. Unser Team beherrscht Ukrainisch, Englisch und Deutsch, was uns erm\u00f6glicht, effektiv mit Kunden aus verschiedenen L\u00e4ndern zusammenzuarbeiten und uns flexibel an die spezifischen Bed\u00fcrfnisse jedes Projekts anzupassen.<\/p>\r\n\r\n\r\n\r\n<p class=\"has-jost-font-family\" style=\"font-size:clamp(16.293px, 1.018rem + ((1vw - 3.2px) * 0.845), 25px); line-height: 1.6;\">Wir arbeiten aktiv mit branchenspezifischen Instituten, zertifizierten Laboratorien und Forschungs- und Entwicklungszentren (F&amp;E) zusammen. Dadurch k\u00f6nnen wir umfassende Dienstleistungen anbieten \u2013 von der Ideenbewertung und Produktentwicklung kosmetischer Mittel bis hin zur Begleitung bei der Erstellung der technischen Dokumentation f\u00fcr deren Notifizierung.<\/p>\r\n\r\n\r\n\r\n<div class=\"wp-block-group alignfull has-global-padding is-layout-constrained wp-container-core-group-is-layout-0c25cc71 wp-block-group-is-layout-constrained\" style=\"padding-right: var(--wp--preset--spacing--60); padding-left: var(--wp--preset--spacing--60);\">\r\n<div class=\"wp-block-spacer\" style=\"height: 20px;\" aria-hidden=\"true\">\u00a0<\/div>\r\n\r\n\r\n\r\n<p class=\"has-jost-font-family\" style=\"font-size:clamp(16.293px, 1.018rem + ((1vw - 3.2px) * 0.845), 25px); line-height: 1.6;\"><strong>Unsere Vorteile:<\/strong><\/p>\r\n\r\n\r\n\r\n<div class=\"wp-block-spacer\" style=\"height: 20px;\" aria-hidden=\"true\">\u00a0<\/div>\r\n\r\n\r\n\r\n<ul class=\"wp-block-list\" style=\"font-size:clamp(16.293px, 1.018rem + ((1vw - 3.2px) * 0.845), 25px); font-style: normal; font-weight: 600; line-height: 1.6;\">\r\n<li style=\"padding-top: var(--wp--preset--spacing--20); padding-bottom: var(--wp--preset--spacing--20);\">Volle Spezialisierung auf kosmetische Produkte \u2013 wir kennen die Marktspezifika und regulatorischen Besonderheiten bis ins kleinste Detail<\/li>\r\n\r\n\r\n\r\n<li style=\"padding-top: var(--wp--preset--spacing--20); padding-bottom: var(--wp--preset--spacing--20);\">Flexibilit\u00e4t und Kundenorientierung in allen Phasen der Zusammenarbeit<\/li>\r\n\r\n\r\n\r\n<li style=\"padding-top: var(--wp--preset--spacing--20); padding-bottom: var(--wp--preset--spacing--20);\">Schnelligkeit und Reaktionsf\u00e4higkeit \u2013 als Schl\u00fcsselfaktoren des Erfolgs in einem dynamischen Umfeld st\u00e4ndiger Ver\u00e4nderungen. Wir verstehen die Balance zwischen Arbeitsgeschwindigkeit und Ergebnisqualit\u00e4t<\/li>\r\n\r\n\r\n\r\n<li style=\"padding-top: var(--wp--preset--spacing--20); padding-bottom: var(--wp--preset--spacing--20);\">Individuelle Herangehensweise an jeden Kunden durch projektbezogenes Management des Vor- und Registrierungsprozesses<\/li>\r\n\r\n\r\n\r\n<li style=\"padding-top: var(--wp--preset--spacing--20); padding-bottom: var(--wp--preset--spacing--20);\">M\u00f6glichkeit zur Bereitstellung eines breiten Spektrums an unterst\u00fctzenden Dienstleistungen durch Kooperationen mit spezialisierten wissenschaftlichen Institutionen und Laboratorien<\/li>\r\n\r\n\r\n\r\n<li style=\"padding-top: var(--wp--preset--spacing--20); padding-bottom: var(--wp--preset--spacing--20);\">Garantierter Schutz des geistigen Eigentums \u2013 wir achten auf die Vertraulichkeit und Sicherheit Ihrer Informationen<\/li>\r\n<\/ul>\r\n<\/div>\r\n<\/div>\r\n","protected":false},"excerpt":{"rendered":"<p>Beauty Compliance Solutions ist ein Team von Fachleuten, das sich auf Fragen im Zusammenhang mit der Notifizierung kosmetischer Produkte in der Ukraine gem\u00e4\u00df den aktuellen gesetzlichen Anforderungen spezialisiert hat. Wir vereinen Experten mit Hochschulabschl\u00fcssen in Chemie, Pharmazie und Medizin, die \u00fcber fundierte Kenntnisse der regulatorischen Anforderungen sowohl der Ukraine als auch der Europ\u00e4ischen Union verf\u00fcgen. [&hellip;]<\/p>\n","protected":false},"author":1,"featured_media":0,"parent":0,"menu_order":0,"comment_status":"closed","ping_status":"closed","template":"","meta":{"footnotes":""},"class_list":["post-512","page","type-page","status-publish","hentry"],"_links":{"self":[{"href":"https:\/\/compsolutions.com.ua\/de\/wp-json\/wp\/v2\/pages\/512","targetHints":{"allow":["GET"]}}],"collection":[{"href":"https:\/\/compsolutions.com.ua\/de\/wp-json\/wp\/v2\/pages"}],"about":[{"href":"https:\/\/compsolutions.com.ua\/de\/wp-json\/wp\/v2\/types\/page"}],"author":[{"embeddable":true,"href":"https:\/\/compsolutions.com.ua\/de\/wp-json\/wp\/v2\/users\/1"}],"replies":[{"embeddable":true,"href":"https:\/\/compsolutions.com.ua\/de\/wp-json\/wp\/v2\/comments?post=512"}],"version-history":[{"count":37,"href":"https:\/\/compsolutions.com.ua\/de\/wp-json\/wp\/v2\/pages\/512\/revisions"}],"predecessor-version":[{"id":1152,"href":"https:\/\/compsolutions.com.ua\/de\/wp-json\/wp\/v2\/pages\/512\/revisions\/1152"}],"wp:attachment":[{"href":"https:\/\/compsolutions.com.ua\/de\/wp-json\/wp\/v2\/media?parent=512"}],"curies":[{"name":"wp","href":"https:\/\/api.w.org\/{rel}","templated":true}]}}